{"id":11544,"date":"2024-07-22T23:20:15","date_gmt":"2024-07-22T23:20:15","guid":{"rendered":"https:\/\/pro-webdesigns.com\/?page_id=11544"},"modified":"2024-07-22T23:23:13","modified_gmt":"2024-07-22T23:23:13","slug":"imprint","status":"publish","type":"page","link":"https:\/\/pro-webdesigns.com\/tr\/imprint\/","title":{"rendered":"Bask\u0131"},"content":{"rendered":"<div data-elementor-type=\"wp-page\" data-elementor-id=\"11544\" class=\"elementor elementor-11544\">\n\t\t\t\t\t\t<section class=\"elementor-section elementor-top-section elementor-element elementor-element-56781a8 elementor-section-boxed elementor-section-height-default elementor-section-height-default\" data-id=\"56781a8\" data-element_type=\"section\">\n\t\t\t\t\t\t<div class=\"elementor-container elementor-column-gap-default\">\n\t\t\t\t\t<div class=\"elementor-column elementor-col-100 elementor-top-column elementor-element elementor-element-701ec8f\" data-id=\"701ec8f\" data-element_type=\"column\">\n\t\t\t<div class=\"elementor-widget-wrap elementor-element-populated\">\n\t\t\t\t\t\t<div class=\"elementor-element-custom_font_family elementor-element-custom_font_weight elementor-element-custom_color elementor-element elementor-element-6cd0ff9 elementor-widget elementor-widget-text-editor\" data-id=\"6cd0ff9\" data-element_type=\"widget\" data-widget_type=\"text-editor.default\">\n\t\t\t\t<div class=\"elementor-widget-container\">\n\t\t\t\t\t\t\t\t\t<p data-sourcepos=\"3:1-3:22\"><strong>Pro-WebDesigns.com<\/strong><\/p>\n<p data-sourcepos=\"5:1-5:36\"><strong>\u015eirket:<\/strong> Pro-WebDesigns.com Ltd.<\/p>\n<p data-sourcepos=\"7:1-7:35\"><strong>Adres:<\/strong> [\u015eirket Adresiniz]\n<p data-sourcepos=\"9:1-9:26\"><strong>Telefon:<\/strong> +44 7884 725781<\/p>\n<p data-sourcepos=\"11:1-11:34\"><strong>E-posta:<\/strong> info@pro-webdesigns.com<\/p>\n<p data-sourcepos=\"13:1-13:79\"><strong>\u0130nternet sitesi:<\/strong> <a href=\"https:\/\/pro-webdesigns.com\/tr\/\"><span class=\"citation-1\"> www.pro-webdesigns.com<\/span><\/a><\/p>\n<p data-sourcepos=\"15:1-15:34\"><strong>Genel m\u00fcd\u00fcr:<\/strong> [Ad\u0131n\u0131z]\n<p data-sourcepos=\"17:1-17:33\"><strong>KDV Numaras\u0131:<\/strong> [KDV Numaran\u0131z]\n<p data-sourcepos=\"19:1-19:48\"><strong>Ticaret Sicili:<\/strong> [Ticaret Sicil Numaran\u0131z]\n<p data-sourcepos=\"21:1-21:22\"><strong>Tart\u0131\u015fmal\u0131 karar<\/strong><\/p>\n<p data-sourcepos=\"23:1-23:184\">Avrupa Komisyonu \u00e7evrimi\u00e7i anla\u015fmazl\u0131k \u00e7\u00f6z\u00fcm\u00fc i\u00e7in bir platform sa\u011flar. Burada bulabilirsiniz: <a target=\"_blank\" rel=\"noopener\" externallink=\"\" _nghost-ng-c2328885705=\"\" jslog=\"197247;track:generic_click,impression;BardVeMetadataKey:[[&quot;r_5365092fd6558419&quot;,&quot;c_b87a261040475243&quot;,null,&quot;rc_c0489c2e5bab7504&quot;,null,null,&quot;en&quot;,null,1,null,null,1,0]]\"><span class=\"citation-0\">https:\/\/ec.europa.eu\/consumers\/odr\/<\/span><\/a><span class=\"citation-0\">.<\/span><\/p>\n<p data-sourcepos=\"25:1-25:120\"><span class=\"citation-0 citation-end-0\">T\u00fcketici huzurunda bir anla\u015fmazl\u0131k \u00e7\u00f6z\u00fcm prosed\u00fcr\u00fcne kat\u0131lmak zorunda de\u011filiz<\/span> hakem kurulu.<span class=\"citation-1\"><\/span><\/p>\n<p data-sourcepos=\"27:1-27:14\"><strong><span class=\"citation-1\">Sorumluluk reddi beyan\u0131<\/span><\/strong><\/p>\n<p data-sourcepos=\"29:1-29:272\"><span class=\"citation-1\"><\/span><span class=\"citation-1 citation-2\">Bu web sitesindeki bilgiler <\/span><span class=\"citation-1 citation-2 citation-3 citation-end-2\">yaln\u0131zca genel bilgilendirme ama\u00e7l\u0131d\u0131r ve hukuki veya mesleki bir nitelik ta\u015f\u0131maz<\/span><span class=\"citation-1 citation-3 citation-end-3\"> tavsiye. Her zaman dan\u0131\u015fmal\u0131s\u0131n<\/span><span class=\"citation-1\"> Bu bilgilere dayanarak herhangi bir karar vermeden \u00f6nce kalifiye bir profesyonelle g\u00f6r\u00fc\u015f\u00fcn.<\/span><\/p>\n<p data-sourcepos=\"31:1-31:13\"><strong><span class=\"citation-1\">Telif hakk\u0131<\/span><\/strong><\/p>\n<p data-sourcepos=\"33:1-33:225\"><span class=\"citation-1\">Bu web sitesindeki metin, resim ve grafikler de dahil olmak \u00fczere t\u00fcm i\u00e7erik, telif hakk\u0131yla korunmaktad\u0131r. Bu i\u00e7eri\u011fin hi\u00e7birini Pro-WebDesigns.com&#039;un \u00f6nceden yaz\u0131l\u0131 izni olmadan kopyalayamaz, \u00e7o\u011faltamaz, da\u011f\u0131tamaz veya g\u00f6r\u00fcnt\u00fcleyemezsiniz.<\/span><\/p>\n<p data-sourcepos=\"35:1-35:9\"><strong><span class=\"citation-1\">Ba\u011flant\u0131lar<\/span><\/strong><\/p>\n<p data-sourcepos=\"37:1-37:201\"><span class=\"citation-1\">Bu web sitesi di\u011fer web sitelerine ba\u011flant\u0131lar i\u00e7erebilir. Pro-WebDesigns.com bu web sitelerinin i\u00e7eri\u011finden sorumlu de\u011fildir ve bunlarda ifade edilen g\u00f6r\u00fc\u015f veya fikirleri onaylamaz veya onaylamaz.<\/span><\/p>\n<p data-sourcepos=\"39:1-39:27\"><strong><span class=\"citation-1\">Sorumlulu\u011fun S\u0131n\u0131rland\u0131r\u0131lmas\u0131<\/span><\/strong><\/p>\n<p data-sourcepos=\"41:1-41:223\"><span class=\"citation-1\">Pro-WebDesigns.com \u015funlar\u0131 yapmayacakt\u0131r: <\/span><span class=\"citation-1 citation-4\">do\u011facak her t\u00fcrl\u00fc zarardan sorumlu olmak <\/span><span class=\"citation-1 citation-4 citation-5 citation-end-4\">do\u011frudan, dolayl\u0131, ar\u0131zi, \u00f6zel, dahil ancak bunlarla s\u0131n\u0131rl\u0131 olmamak \u00fczere bu web sitesinin kullan\u0131m\u0131ndan kaynaklanan,<\/span><span class=\"citation-1 citation-5 citation-end-5\"> sonu\u00e7sal veya \u00f6rnek niteli\u011findeki zararlar.<\/span><span class=\"citation-1\"><\/span><\/p>\n<p data-sourcepos=\"43:1-43:29\"><strong><span class=\"citation-1\">Bu K\u00fcnyede Yap\u0131lan De\u011fi\u015fiklikler<\/span><\/strong><\/p>\n<p data-sourcepos=\"45:1-45:130\"><span class=\"citation-1\">Pro-WebDesigns.com bu K\u00fcnyeyi herhangi bir zamanda bildirimde bulunmaks\u0131z\u0131n de\u011fi\u015ftirebilir. De\u011fi\u015fiklikler i\u00e7in bu K\u00fcnyeyi periyodik olarak kontrol etmelisiniz.<\/span><\/p>\n<p data-sourcepos=\"47:1-47:34\"><strong><span class=\"citation-1\">Bu \u015eartlar\u0131 Kabul Etmeniz<\/span><\/strong><\/p>\n<p data-sourcepos=\"49:1-49:145\"><span class=\"citation-1\">Bu web sitesini kullanarak bu Bask\u0131n\u0131n \u015fartlar\u0131na ba\u011fl\u0131 kalmay\u0131 kabul etmi\u015f olursunuz. Bu \u015fartlar\u0131 kabul etmiyorsan\u0131z bu web sitesini kullanmamal\u0131s\u0131n\u0131z.<\/span><\/p>\n<p data-sourcepos=\"51:1-51:14\"><strong><span class=\"citation-1\">Bize Ula\u015f\u0131n<\/span><\/strong><\/p>\n<p data-sourcepos=\"53:1-53:69\"><span class=\"citation-1\">Bu Bask\u0131 hakk\u0131nda herhangi bir sorunuz varsa, l\u00fctfen bizimle \u015fu adresten ileti\u015fime ge\u00e7in:<\/span><\/p>\n<p data-sourcepos=\"55:1-55:26\"><strong><span class=\"citation-1\">Telefon:<\/span><\/strong><span class=\"citation-1\"> +44 7884 725781<\/span><\/p>\n<p data-sourcepos=\"57:1-57:34\"><strong><span class=\"citation-1\">E-posta:<\/span><\/strong><span class=\"citation-1\"> info@pro-webdesigns.com<\/span><\/p>\n<p data-sourcepos=\"59:1-59:79\"><strong><span class=\"citation-1\">\u0130nternet sitesi:<\/span><\/strong><a href=\"https:\/\/pro-webdesigns.com\/tr\/\"><span class=\"citation-1\"> www.pro-webdesigns.com<\/span><\/a><\/p>\t\t\t\t\t\t\t\t<\/div>\n\t\t\t\t<\/div>\n\t\t\t\t\t<\/div>\n\t\t<\/div>\n\t\t\t\t\t<\/div>\n\t\t<\/section>\n\t\t\t\t<\/div>","protected":false},"excerpt":{"rendered":"<p>Pro-WebDesigns.com Company: Pro-WebDesigns.com Ltd. Address: [Your Company Address] Phone: +44 7884 725781 Email: info@pro-webdesigns.com Website: www.pro-webdesigns.com Managing Director: [Your Name] VAT Number: [Your VAT Number] Trade Register: [Your Trade Register Number] Dispute Resolution The European Commission provides a platform for online dispute resolution. You can find it here: https:\/\/ec.europa.eu\/consumers\/odr\/. We are not obligated to participate [&hellip;]<\/p>","protected":false},"author":1,"featured_media":0,"parent":0,"menu_order":0,"comment_status":"closed","ping_status":"open","template":"","meta":{"_monsterinsights_skip_tracking":false,"_monsterinsights_sitenote_active":false,"_monsterinsights_sitenote_note":"","_monsterinsights_sitenote_category":0,"footnotes":""},"class_list":["post-11544","page","type-page","status-publish","hentry"],"aioseo_notices":[],"amp_enabled":true,"_links":{"self":[{"href":"https:\/\/pro-webdesigns.com\/tr\/wp-json\/wp\/v2\/pages\/11544","targetHints":{"allow":["GET"]}}],"collection":[{"href":"https:\/\/pro-webdesigns.com\/tr\/wp-json\/wp\/v2\/pages"}],"about":[{"href":"https:\/\/pro-webdesigns.com\/tr\/wp-json\/wp\/v2\/types\/page"}],"author":[{"embeddable":true,"href":"https:\/\/pro-webdesigns.com\/tr\/wp-json\/wp\/v2\/users\/1"}],"replies":[{"embeddable":true,"href":"https:\/\/pro-webdesigns.com\/tr\/wp-json\/wp\/v2\/comments?post=11544"}],"version-history":[{"count":7,"href":"https:\/\/pro-webdesigns.com\/tr\/wp-json\/wp\/v2\/pages\/11544\/revisions"}],"predecessor-version":[{"id":11552,"href":"https:\/\/pro-webdesigns.com\/tr\/wp-json\/wp\/v2\/pages\/11544\/revisions\/11552"}],"wp:attachment":[{"href":"https:\/\/pro-webdesigns.com\/tr\/wp-json\/wp\/v2\/media?parent=11544"}],"curies":[{"name":"wp","href":"https:\/\/api.w.org\/{rel}","templated":true}]}}