{"id":11544,"date":"2024-07-22T23:20:15","date_gmt":"2024-07-22T23:20:15","guid":{"rendered":"https:\/\/pro-webdesigns.com\/?page_id=11544"},"modified":"2024-07-22T23:23:13","modified_gmt":"2024-07-22T23:23:13","slug":"imprint","status":"publish","type":"page","link":"https:\/\/pro-webdesigns.com\/de\/imprint\/","title":{"rendered":"Impressum"},"content":{"rendered":"<div data-elementor-type=\"wp-page\" data-elementor-id=\"11544\" class=\"elementor elementor-11544\">\n\t\t\t\t\t\t<section class=\"elementor-section elementor-top-section elementor-element elementor-element-56781a8 elementor-section-boxed elementor-section-height-default elementor-section-height-default\" data-id=\"56781a8\" data-element_type=\"section\">\n\t\t\t\t\t\t<div class=\"elementor-container elementor-column-gap-default\">\n\t\t\t\t\t<div class=\"elementor-column elementor-col-100 elementor-top-column elementor-element elementor-element-701ec8f\" data-id=\"701ec8f\" data-element_type=\"column\">\n\t\t\t<div class=\"elementor-widget-wrap elementor-element-populated\">\n\t\t\t\t\t\t<div class=\"elementor-element-custom_font_family elementor-element-custom_font_weight elementor-element-custom_color elementor-element elementor-element-6cd0ff9 elementor-widget elementor-widget-text-editor\" data-id=\"6cd0ff9\" data-element_type=\"widget\" data-widget_type=\"text-editor.default\">\n\t\t\t\t<div class=\"elementor-widget-container\">\n\t\t\t\t\t\t\t\t\t<p data-sourcepos=\"3:1-3:22\"><strong>Pro-WebDesigns.com<\/strong><\/p>\n<p data-sourcepos=\"5:1-5:36\"><strong>Unternehmen:<\/strong> Pro-WebDesigns.com Ltd.<\/p>\n<p data-sourcepos=\"7:1-7:35\"><strong>Adresse:<\/strong> [Ihre Firmenadresse]\n<p data-sourcepos=\"9:1-9:26\"><strong>Telefon:<\/strong> +44 7884 725781<\/p>\n<p data-sourcepos=\"11:1-11:34\"><strong>Email:<\/strong> info@pro-webdesigns.com<\/p>\n<p data-sourcepos=\"13:1-13:79\"><strong>Webseite:<\/strong> <a href=\"https:\/\/pro-webdesigns.com\/de\/\"><span class=\"citation-1\"> www.pro-webdesigns.com<\/span><\/a><\/p>\n<p data-sourcepos=\"15:1-15:34\"><strong>Gesch\u00e4ftsf\u00fchrer:<\/strong> [Ihr Name]\n<p data-sourcepos=\"17:1-17:33\"><strong>Umsatzsteuer-Identifikationsnummer:<\/strong> [Ihre Umsatzsteuer-Identifikationsnummer]\n<p data-sourcepos=\"19:1-19:48\"><strong>Handelsregister:<\/strong> [Ihre Handelsregisternummer]\n<p data-sourcepos=\"21:1-21:22\"><strong>Streitschlichtung<\/strong><\/p>\n<p data-sourcepos=\"23:1-23:184\">Die Europ\u00e4ische Kommission stellt eine Plattform zur Online-Streitbeilegung (OS) bereit. Diese finden Sie hier: <a target=\"_blank\" rel=\"noopener\" externallink=\"\" _nghost-ng-c2328885705=\"\" jslog=\"197247;track:generic_click,impression;BardVeMetadataKey:[[&quot;r_5365092fd6558419&quot;,&quot;c_b87a261040475243&quot;,null,&quot;rc_c0489c2e5bab7504&quot;,null,null,&quot;en&quot;,null,1,null,null,1,0]]\"><span class=\"citation-0\">https:\/\/ec.europa.eu\/consumers\/odr\/<\/span><\/a><span class=\"citation-0\">.<\/span><\/p>\n<p data-sourcepos=\"25:1-25:120\"><span class=\"citation-0 citation-end-0\">Wir sind nicht verpflichtet, an einem Streitbeilegungsverfahren vor einer Verbraucherschlichtungsstelle teilzunehmen.<\/span> Schlichtungsstelle.<span class=\"citation-1\"><\/span><\/p>\n<p data-sourcepos=\"27:1-27:14\"><strong><span class=\"citation-1\">Haftungsausschluss<\/span><\/strong><\/p>\n<p data-sourcepos=\"29:1-29:272\"><span class=\"citation-1\"><\/span><span class=\"citation-1 citation-2\">Die Informationen auf dieser Website <\/span><span class=\"citation-1 citation-2 citation-3 citation-end-2\">dient ausschlie\u00dflich der allgemeinen Information und stellt keine rechtlichen oder beruflichen<\/span><span class=\"citation-1 citation-3 citation-end-3\"> Beratung. Sie sollten immer konsultieren<\/span><span class=\"citation-1\"> mit einem qualifizierten Fachmann, bevor Sie auf Grundlage dieser Informationen Entscheidungen treffen.<\/span><\/p>\n<p data-sourcepos=\"31:1-31:13\"><strong><span class=\"citation-1\">Urheberrechte \u00a9<\/span><\/strong><\/p>\n<p data-sourcepos=\"33:1-33:225\"><span class=\"citation-1\">Alle Inhalte dieser Website, einschlie\u00dflich Text, Bilder und Grafiken, sind urheberrechtlich gesch\u00fctzt. Sie d\u00fcrfen diese Inhalte ohne vorherige schriftliche Zustimmung von Pro-WebDesigns.com nicht kopieren, reproduzieren, verteilen oder anzeigen.<\/span><\/p>\n<p data-sourcepos=\"35:1-35:9\"><strong><span class=\"citation-1\">Links<\/span><\/strong><\/p>\n<p data-sourcepos=\"37:1-37:201\"><span class=\"citation-1\">Diese Website kann Links zu anderen Websites enthalten. Pro-WebDesigns.com ist nicht f\u00fcr den Inhalt dieser Websites verantwortlich und unterst\u00fctzt oder billigt keine der dort ge\u00e4u\u00dferten Ansichten oder Meinungen.<\/span><\/p>\n<p data-sourcepos=\"39:1-39:27\"><strong><span class=\"citation-1\">Haftungsbeschr\u00e4nkung<\/span><\/strong><\/p>\n<p data-sourcepos=\"41:1-41:223\"><span class=\"citation-1\">Pro-WebDesigns.com ist nicht berechtigt, <\/span><span class=\"citation-1 citation-4\">haftet f\u00fcr alle Sch\u00e4den, die entstehen <\/span><span class=\"citation-1 citation-4 citation-5 citation-end-4\">aus der Nutzung dieser Website, einschlie\u00dflich, aber nicht beschr\u00e4nkt auf direkte, indirekte, zuf\u00e4llige, spezielle,<\/span><span class=\"citation-1 citation-5 citation-end-5\"> Folgesch\u00e4den oder Strafschadenersatz.<\/span><span class=\"citation-1\"><\/span><\/p>\n<p data-sourcepos=\"43:1-43:29\"><strong><span class=\"citation-1\">\u00c4nderungen dieses Impressums<\/span><\/strong><\/p>\n<p data-sourcepos=\"45:1-45:130\"><span class=\"citation-1\">Pro-WebDesigns.com kann dieses Impressum jederzeit ohne Vorank\u00fcndigung \u00e4ndern. Sie sollten dieses Impressum regelm\u00e4\u00dfig auf \u00c4nderungen \u00fcberpr\u00fcfen.<\/span><\/p>\n<p data-sourcepos=\"47:1-47:34\"><strong><span class=\"citation-1\">Ihre Zustimmung zu diesen Bedingungen<\/span><\/strong><\/p>\n<p data-sourcepos=\"49:1-49:145\"><span class=\"citation-1\">Durch die Nutzung dieser Website erkl\u00e4ren Sie sich mit den Bedingungen dieses Impressums einverstanden. Wenn Sie mit diesen Bedingungen nicht einverstanden sind, sollten Sie diese Website nicht nutzen.<\/span><\/p>\n<p data-sourcepos=\"51:1-51:14\"><strong><span class=\"citation-1\">Kontaktiere uns<\/span><\/strong><\/p>\n<p data-sourcepos=\"53:1-53:69\"><span class=\"citation-1\">Wenn Sie Fragen zu diesem Impressum haben, kontaktieren Sie uns bitte unter:<\/span><\/p>\n<p data-sourcepos=\"55:1-55:26\"><strong><span class=\"citation-1\">Telefon:<\/span><\/strong><span class=\"citation-1\"> +44 7884 725781<\/span><\/p>\n<p data-sourcepos=\"57:1-57:34\"><strong><span class=\"citation-1\">Email:<\/span><\/strong><span class=\"citation-1\"> info@pro-webdesigns.com<\/span><\/p>\n<p data-sourcepos=\"59:1-59:79\"><strong><span class=\"citation-1\">Webseite:<\/span><\/strong><a href=\"https:\/\/pro-webdesigns.com\/de\/\"><span class=\"citation-1\"> www.pro-webdesigns.com<\/span><\/a><\/p>\t\t\t\t\t\t\t\t<\/div>\n\t\t\t\t<\/div>\n\t\t\t\t\t<\/div>\n\t\t<\/div>\n\t\t\t\t\t<\/div>\n\t\t<\/section>\n\t\t\t\t<\/div>","protected":false},"excerpt":{"rendered":"<p>Pro-WebDesigns.com Company: Pro-WebDesigns.com Ltd. Address: [Your Company Address] Phone: +44 7884 725781 Email: info@pro-webdesigns.com Website: www.pro-webdesigns.com Managing Director: [Your Name] VAT Number: [Your VAT Number] Trade Register: [Your Trade Register Number] Dispute Resolution The European Commission provides a platform for online dispute resolution. You can find it here: https:\/\/ec.europa.eu\/consumers\/odr\/. We are not obligated to participate [&hellip;]<\/p>","protected":false},"author":1,"featured_media":0,"parent":0,"menu_order":0,"comment_status":"closed","ping_status":"open","template":"","meta":{"_monsterinsights_skip_tracking":false,"_monsterinsights_sitenote_active":false,"_monsterinsights_sitenote_note":"","_monsterinsights_sitenote_category":0,"footnotes":""},"class_list":["post-11544","page","type-page","status-publish","hentry"],"aioseo_notices":[],"amp_enabled":true,"_links":{"self":[{"href":"https:\/\/pro-webdesigns.com\/de\/wp-json\/wp\/v2\/pages\/11544","targetHints":{"allow":["GET"]}}],"collection":[{"href":"https:\/\/pro-webdesigns.com\/de\/wp-json\/wp\/v2\/pages"}],"about":[{"href":"https:\/\/pro-webdesigns.com\/de\/wp-json\/wp\/v2\/types\/page"}],"author":[{"embeddable":true,"href":"https:\/\/pro-webdesigns.com\/de\/wp-json\/wp\/v2\/users\/1"}],"replies":[{"embeddable":true,"href":"https:\/\/pro-webdesigns.com\/de\/wp-json\/wp\/v2\/comments?post=11544"}],"version-history":[{"count":7,"href":"https:\/\/pro-webdesigns.com\/de\/wp-json\/wp\/v2\/pages\/11544\/revisions"}],"predecessor-version":[{"id":11552,"href":"https:\/\/pro-webdesigns.com\/de\/wp-json\/wp\/v2\/pages\/11544\/revisions\/11552"}],"wp:attachment":[{"href":"https:\/\/pro-webdesigns.com\/de\/wp-json\/wp\/v2\/media?parent=11544"}],"curies":[{"name":"wp","href":"https:\/\/api.w.org\/{rel}","templated":true}]}}