{"id":623,"date":"2021-07-18T14:02:25","date_gmt":"2021-07-18T14:02:25","guid":{"rendered":"https:\/\/livewp.site\/wp\/md\/ewebot\/about-us\/"},"modified":"2024-07-19T19:53:13","modified_gmt":"2024-07-19T19:53:13","slug":"about-us","status":"publish","type":"page","link":"https:\/\/pro-webdesigns.com\/az\/about-us\/","title":{"rendered":"Bizim haqq\u0131m\u0131zda"},"content":{"rendered":"<div data-elementor-type=\"wp-post\" data-elementor-id=\"623\" class=\"elementor elementor-623\">\n\t\t\t\t\t\t<section class=\"elementor-section elementor-top-section elementor-element elementor-element-4d22e5b elementor-section-boxed elementor-section-height-default elementor-section-height-default\" data-id=\"4d22e5b\" data-element_type=\"section\">\n\t\t\t\t\t\t<div class=\"elementor-container elementor-column-gap-default\">\n\t\t\t\t\t<div class=\"elementor-column elementor-col-50 elementor-top-column elementor-element elementor-element-7fb25f4\" data-id=\"7fb25f4\" data-element_type=\"column\">\n\t\t\t<div class=\"elementor-widget-wrap elementor-element-populated\">\n\t\t\t\t\t\t<div class=\"elementor-element-custom_font_size elementor-element-custom_font_family elementor-element-custom_font_weight elementor-element-custom_color elementor-element elementor-element-3d56faa elementor-widget elementor-widget-text-editor\" data-id=\"3d56faa\" data-element_type=\"widget\" data-widget_type=\"text-editor.default\">\n\t\t\t\t<div class=\"elementor-widget-container\">\n\t\t\t\t\t\t\t\t\t<h5>Bizim haqq\u0131m\u0131zda<\/h5>\t\t\t\t\t\t\t\t<\/div>\n\t\t\t\t<\/div>\n\t\t\t\t<div class=\"elementor-element elementor-element-cb3b887 elementor-widget elementor-widget-heading\" data-id=\"cb3b887\" data-element_type=\"widget\" data-widget_type=\"heading.default\">\n\t\t\t\t<div class=\"elementor-widget-container\">\n\t\t\t\t\t<h2 class=\"elementor-heading-title elementor-size-default\">Pe\u015f\u0259kar Veb Dizaynla R\u0259q\u0259msal D\u00fcnyada U\u011fur qazan\u0131n<\/h2>\t\t\t\t<\/div>\n\t\t\t\t<\/div>\n\t\t\t\t<div class=\"elementor-element elementor-element-a19a7da elementor-widget elementor-widget-spacer\" data-id=\"a19a7da\" data-element_type=\"widget\" data-widget_type=\"spacer.default\">\n\t\t\t\t<div class=\"elementor-widget-container\">\n\t\t\t\t\t\t\t<div class=\"elementor-spacer\">\n\t\t\t<div class=\"elementor-spacer-inner\"><\/div>\n\t\t<\/div>\n\t\t\t\t\t\t<\/div>\n\t\t\t\t<\/div>\n\t\t\t\t<div class=\"elementor-element-custom_font_size elementor-element-custom_font_size_mobile elementor-element-custom_line_height elementor-element-custom_font_family elementor-element-custom_font_weight elementor-element-custom_color elementor-element elementor-element-a8725e4 elementor-widget elementor-widget-text-editor\" data-id=\"a8725e4\" data-element_type=\"widget\" data-widget_type=\"text-editor.default\">\n\t\t\t\t<div class=\"elementor-widget-container\">\n\t\t\t\t\t\t\t\t\t<p data-sourcepos=\"7:1-7:276\"><strong>Pro-WebDesigns.com<\/strong><span> biznesinizin r\u0259q\u0259msal m\u00f6vcudlu\u011funu art\u0131rmaq v\u0259 onlayn potensial\u0131n\u0131z\u0131 art\u0131rmaqda siz\u0259 k\u00f6m\u0259k etm\u0259k \u00fc\u00e7\u00fcn buradad\u0131r.<\/span><span> Pe\u015f\u0259kar veb dizayn v\u0259 inki\u015faf xidm\u0259tl\u0259rimizl\u0259,<\/span><span> istifad\u0259\u00e7i dostu yarad\u0131r\u0131q,<\/span><span> h\u0259d\u0259f auditoriyan\u0131zla rezonans do\u011furan estetik c\u0259h\u0259td\u0259n xo\u015f veb saytlar.<\/span><\/p>\t\t\t\t\t\t\t\t<\/div>\n\t\t\t\t<\/div>\n\t\t\t\t<div class=\"elementor-element elementor-element-448c001 elementor-widget elementor-widget-spacer\" data-id=\"448c001\" data-element_type=\"widget\" data-widget_type=\"spacer.default\">\n\t\t\t\t<div class=\"elementor-widget-container\">\n\t\t\t\t\t\t\t<div class=\"elementor-spacer\">\n\t\t\t<div class=\"elementor-spacer-inner\"><\/div>\n\t\t<\/div>\n\t\t\t\t\t\t<\/div>\n\t\t\t\t<\/div>\n\t\t\t\t<div class=\"elementor-element elementor-element-87eefe6 elementor-widget elementor-widget-spacer\" data-id=\"87eefe6\" data-element_type=\"widget\" data-widget_type=\"spacer.default\">\n\t\t\t\t<div class=\"elementor-widget-container\">\n\t\t\t\t\t\t\t<div class=\"elementor-spacer\">\n\t\t\t<div class=\"elementor-spacer-inner\"><\/div>\n\t\t<\/div>\n\t\t\t\t\t\t<\/div>\n\t\t\t\t<\/div>\n\t\t\t\t<div class=\"gt3-core-button--alignment_left elementor-element elementor-element-e61b03d elementor-widget elementor-widget-gt3-core-button\" data-id=\"e61b03d\" data-element_type=\"widget\" data-widget_type=\"gt3-core-button.default\">\n\t\t\t\t<div class=\"elementor-widget-container\">\n\t\t\t\t\t\t<div class=\"gt3_module_button_elementor size_custom alignment_left button_icon_none hover_type5 rounded\">\r\n\t\t<a class=\"button_size_elementor_custom alignment_left border_icon_none hover_type5 btn_icon_position_left\" href=\"#\">\r\n\t\t\t\t<span class=\"gt3_module_button__container\">\r\n\t\t\t\t\t\t\t\t\t\t\t<span class=\"elementor_gt3_btn_text\">Bizim xidm\u0259tl\u0259<\/span>\t\t\t\t\t\t<span class=\"gt3_module_button__cover front\"><\/span>\r\n\t\t\t\t\t\t<span class=\"gt3_module_button__cover back\"><\/span>\r\n\t\t\t\t\t\t\t\t\t<\/span>\r\n\t\t<\/a>\r\n\t<\/div>\r\n\r\n<script type=\"application\/json\" id=\"settings--e61b03d\">[]<\/script>\t\t\t\t<\/div>\n\t\t\t\t<\/div>\n\t\t\t\t\t<\/div>\n\t\t<\/div>\n\t\t\t\t<div class=\"elementor-column elementor-col-50 elementor-top-column elementor-element elementor-element-0c2a7a7\" data-id=\"0c2a7a7\" data-element_type=\"column\" data-settings=\"{&quot;background_background&quot;:&quot;classic&quot;}\">\n\t\t\t<div class=\"elementor-widget-wrap elementor-element-populated\">\n\t\t\t\t\t\t<section class=\"elementor-section elementor-inner-section elementor-element elementor-element-7e30dea elementor-section-boxed elementor-section-height-default elementor-section-height-default\" data-id=\"7e30dea\" data-element_type=\"section\">\n\t\t\t\t\t\t<div class=\"elementor-container elementor-column-gap-default\">\n\t\t\t\t\t<div class=\"elementor-column elementor-col-100 elementor-inner-column elementor-element elementor-element-bde062d\" data-id=\"bde062d\" data-element_type=\"column\">\n\t\t\t<div class=\"elementor-widget-wrap elementor-element-populated\">\n\t\t\t\t\t\t<div class=\"elementor-element elementor-element-26508fc elementor-widget elementor-widget-spacer\" data-id=\"26508fc\" data-element_type=\"widget\" data-widget_type=\"spacer.default\">\n\t\t\t\t<div class=\"elementor-widget-container\">\n\t\t\t\t\t\t\t<div class=\"elementor-spacer\">\n\t\t\t<div class=\"elementor-spacer-inner\"><\/div>\n\t\t<\/div>\n\t\t\t\t\t\t<\/div>\n\t\t\t\t<\/div>\n\t\t\t\t<div class=\"elementor-element elementor-element-c2db968 elementor-widget elementor-widget-image\" data-id=\"c2db968\" data-element_type=\"widget\" data-widget_type=\"image.default\">\n\t\t\t\t<div class=\"elementor-widget-container\">\n\t\t\t\t\t\t\t\t\t\t\t\t\t\t\t<img fetchpriority=\"high\" decoding=\"async\" width=\"940\" height=\"940\" src=\"https:\/\/pro-webdesigns.com\/wp-content\/uploads\/2024\/07\/Web-Design-PNG-Image-Transparent.png\" class=\"attachment-large size-large wp-image-10968\" alt=\"\" srcset=\"https:\/\/pro-webdesigns.com\/wp-content\/uploads\/2024\/07\/Web-Design-PNG-Image-Transparent.png 1000w, https:\/\/pro-webdesigns.com\/wp-content\/uploads\/2024\/07\/Web-Design-PNG-Image-Transparent-300x300.png 300w, https:\/\/pro-webdesigns.com\/wp-content\/uploads\/2024\/07\/Web-Design-PNG-Image-Transparent-150x150.png 150w, https:\/\/pro-webdesigns.com\/wp-content\/uploads\/2024\/07\/Web-Design-PNG-Image-Transparent-768x768.png 768w, https:\/\/pro-webdesigns.com\/wp-content\/uploads\/2024\/07\/Web-Design-PNG-Image-Transparent-12x12.png 12w, https:\/\/pro-webdesigns.com\/wp-content\/uploads\/2024\/07\/Web-Design-PNG-Image-Transparent-480x480.png 480w\" sizes=\"(max-width: 940px) 100vw, 940px\" title=\"Web-Dizayn-PNG-\u015e\u0259kil-\u015e\u0259ffaf\" \/>\t\t\t\t\t\t\t\t\t\t\t\t\t\t\t<\/div>\n\t\t\t\t<\/div>\n\t\t\t\t\t<\/div>\n\t\t<\/div>\n\t\t\t\t\t<\/div>\n\t\t<\/section>\n\t\t\t\t\t<\/div>\n\t\t<\/div>\n\t\t\t\t\t<\/div>\n\t\t<\/section>\n\t\t\t\t<section class=\"elementor-section elementor-top-section elementor-element elementor-element-389d347 elementor-section-boxed elementor-section-height-default elementor-section-height-default\" data-id=\"389d347\" data-element_type=\"section\">\n\t\t\t\t\t\t<div class=\"elementor-container elementor-column-gap-default\">\n\t\t\t\t\t<div class=\"elementor-column elementor-col-100 elementor-top-column elementor-element elementor-element-1946fc8\" data-id=\"1946fc8\" data-element_type=\"column\">\n\t\t\t<div class=\"elementor-widget-wrap elementor-element-populated\">\n\t\t\t\t\t\t<div class=\"elementor-element-custom_font_size elementor-element-custom_font_size_mobile elementor-element-custom_font_family elementor-element-custom_font_weight elementor-element-custom_color elementor-element elementor-element-607e076 elementor-widget elementor-widget-text-editor\" data-id=\"607e076\" data-element_type=\"widget\" data-widget_type=\"text-editor.default\">\n\t\t\t\t<div class=\"elementor-widget-container\">\n\t\t\t\t\t\t\t\t\t<blockquote><p data-sourcepos=\"7:1-7:16\"><strong>Bizim missiyam\u0131z:<\/strong><\/p><\/blockquote><p data-sourcepos=\"9:1-9:225\"><span>Missiyam\u0131z b\u00fct\u00fcn \u00f6l\u00e7\u00fcl\u00fc biznesl\u0259rin r\u0259q\u0259msal d\u00fcnyada inki\u015faf etm\u0259k \u00fc\u00e7\u00fcn ehtiyac duyduqlar\u0131 veb sayt\u0131na malik olmas\u0131n\u0131 t\u0259min etm\u0259kdir.<\/span><span> yerl\u0259\u015fm\u0259sind\u0259n as\u0131l\u0131 olmayaraq.<\/span><span> Biz buna h\u0259r bir m\u00fc\u015ft\u0259rinin unikal ehtiyaclar\u0131na cavab ver\u0259n f\u0259rdil\u0259\u015fdirilmi\u015f veb-saytlar haz\u0131rlamaq v\u0259 inki\u015faf etdirm\u0259kl\u0259 nail oluruq.<\/span><span> \u0259n son veb dizayn tendensiyalar\u0131ndan v\u0259 texnologiyalar\u0131ndan istifad\u0259 etm\u0259kl\u0259.<\/span><\/p><blockquote><p data-sourcepos=\"11:1-11:15\"><strong>Vizyonumuz:<\/strong><\/p><\/blockquote><p data-sourcepos=\"13:1-13:252\"><span>Biz Birl\u0259\u015fmi\u015f Krall\u0131qda apar\u0131c\u0131 v\u0259 \u0259n etibarl\u0131 veb dizayn firmalar\u0131ndan birin\u0259 \u00e7evrilm\u0259yi n\u0259z\u0259rd\u0259 tuturuq,<\/span><span> Avropa,<\/span><span> v\u0259 \u015eimali Amerika.<\/span><span> M\u00fc\u015ft\u0259ri m\u0259rk\u0259zli yana\u015fmam\u0131za inan\u0131r\u0131q,<\/span><span> y\u00fcks\u0259k keyfiyy\u0259tli xidm\u0259t,<\/span><span> v\u0259 innovativ h\u0259ll\u0259r bu nailiyy\u0259t\u0259 yol a\u00e7acaq.<\/span><\/p><blockquote><p data-sourcepos=\"15:1-15:15\"><strong>D\u0259y\u0259rl\u0259rimiz:<\/strong><\/p><p data-sourcepos=\"17:3-17:218\"><strong>M\u00fc\u015ft\u0259ri diqq\u0259ti:<\/strong><span> H\u0259r bir m\u00fc\u015ft\u0259rinin f\u0259rdi t\u0259l\u0259bl\u0259ri il\u0259 unikal oldu\u011funu ba\u015fa d\u00fc\u015f\u00fcr\u00fck.<\/span><span> Buna g\u00f6r\u0259 d\u0259,<\/span><span> h\u0259r bir layih\u0259y\u0259 diqq\u0259tl\u0259 yana\u015f\u0131r\u0131q,<\/span><span> vizyonlar\u0131n\u0131 reall\u0131\u011fa \u00e7evirm\u0259k \u00fc\u00e7\u00fcn m\u00fc\u015ft\u0259ril\u0259rimizl\u0259 s\u0131x \u0259m\u0259kda\u015fl\u0131q edirik.<\/span><\/p><p data-sourcepos=\"17:3-17:218\"><strong>Keyfiyy\u0259t:<\/strong> Biz q\u0259ti \u015f\u0259kild\u0259 inan\u0131r\u0131q ki, y\u00fcks\u0259k keyfiyy\u0259tli veb dizayn\u0131 v\u0259 inki\u015faf\u0131 biznesinizin u\u011furu \u00fc\u00e7\u00fcn \u00e7ox vacibdir. Buna g\u00f6r\u0259 d\u0259 biz h\u0259r bir layih\u0259y\u0259 maksimum diqq\u0259t v\u0259 s\u0259y s\u0259rf edirik.<\/p><p data-sourcepos=\"21:3-21:223\"><strong>Yarad\u0131c\u0131l\u0131q:<\/strong><span> Biz daim yarad\u0131c\u0131 v\u0259 innovativ vebsaytlar\u0131n dizayn\u0131 \u00fc\u00e7\u00fcn inki\u015faf edirik.<\/span><span> Veb sayt\u0131n\u0131z\u0131 r\u0259qibl\u0259rd\u0259n f\u0259rql\u0259ndir\u0259c\u0259k v\u0259 h\u0259d\u0259f auditoriyan\u0131z\u0131 c\u0259lb ed\u0259c\u0259k dizaynlar t\u0259qdim edirik,<\/span><span> yerl\u0259\u015fm\u0259sind\u0259n as\u0131l\u0131 olmayaraq.<\/span><\/p><p data-sourcepos=\"23:3-23:182\"><strong>Rabit\u0259:<\/strong><span> M\u00fc\u015ft\u0259ril\u0259rimizl\u0259 a\u00e7\u0131q v\u0259 \u015f\u0259ffaf \u00fcnsiyy\u0259t h\u0259r \u015feyd\u0259n \u00fcst\u00fcnd\u00fcr.<\/span><span> Biz m\u00fc\u015ft\u0259ril\u0259rimizi layih\u0259nin h\u0259r m\u0259rh\u0259l\u0259sind\u0259 m\u0259lumatland\u0131r\u0131r\u0131q v\u0259 onlar\u0131n r\u0259yl\u0259rini y\u00fcks\u0259k qiym\u0259tl\u0259ndiririk.<\/span><\/p><\/blockquote>\t\t\t\t\t\t\t\t<\/div>\n\t\t\t\t<\/div>\n\t\t\t\t\t<\/div>\n\t\t<\/div>\n\t\t\t\t\t<\/div>\n\t\t<\/section>\n\t\t\t\t<section class=\"elementor-section elementor-top-section elementor-element elementor-element-b5c4e3d elementor-section-boxed elementor-section-height-default elementor-section-height-default\" data-id=\"b5c4e3d\" data-element_type=\"section\">\n\t\t\t\t\t\t<div class=\"elementor-container elementor-column-gap-default\">\n\t\t\t\t\t<div class=\"elementor-column elementor-col-50 elementor-top-column elementor-element elementor-element-4eea991\" data-id=\"4eea991\" data-element_type=\"column\">\n\t\t\t<div class=\"elementor-widget-wrap elementor-element-populated\">\n\t\t\t\t\t\t<div class=\"elementor-element elementor-element-d7c1637 elementor-widget elementor-widget-image\" data-id=\"d7c1637\" data-element_type=\"widget\" data-widget_type=\"image.default\">\n\t\t\t\t<div class=\"elementor-widget-container\">\n\t\t\t\t\t\t\t\t\t\t\t\t\t\t\t<img decoding=\"async\" width=\"1534\" height=\"1838\" src=\"https:\/\/pro-webdesigns.com\/wp-content\/uploads\/2024\/07\/veracode_Mesa-de-trabajo-2222.png\" class=\"attachment-full size-full wp-image-10709\" alt=\"\" srcset=\"https:\/\/pro-webdesigns.com\/wp-content\/uploads\/2024\/07\/veracode_Mesa-de-trabajo-2222.png 1534w, https:\/\/pro-webdesigns.com\/wp-content\/uploads\/2024\/07\/veracode_Mesa-de-trabajo-2222-250x300.png 250w, https:\/\/pro-webdesigns.com\/wp-content\/uploads\/2024\/07\/veracode_Mesa-de-trabajo-2222-855x1024.png 855w, https:\/\/pro-webdesigns.com\/wp-content\/uploads\/2024\/07\/veracode_Mesa-de-trabajo-2222-768x920.png 768w, https:\/\/pro-webdesigns.com\/wp-content\/uploads\/2024\/07\/veracode_Mesa-de-trabajo-2222-1282x1536.png 1282w, https:\/\/pro-webdesigns.com\/wp-content\/uploads\/2024\/07\/veracode_Mesa-de-trabajo-2222-10x12.png 10w, https:\/\/pro-webdesigns.com\/wp-content\/uploads\/2024\/07\/veracode_Mesa-de-trabajo-2222-480x575.png 480w\" sizes=\"(max-width: 1534px) 100vw, 1534px\" title=\"veracode_Mesa-de-trabajo-2222\" \/>\t\t\t\t\t\t\t\t\t\t\t\t\t\t\t<\/div>\n\t\t\t\t<\/div>\n\t\t\t\t\t<\/div>\n\t\t<\/div>\n\t\t\t\t<div class=\"elementor-column elementor-col-50 elementor-top-column elementor-element elementor-element-10d8d0c\" data-id=\"10d8d0c\" data-element_type=\"column\">\n\t\t\t<div class=\"elementor-widget-wrap elementor-element-populated\">\n\t\t\t\t\t\t<div class=\"elementor-element elementor-element-291efb5 elementor-widget elementor-widget-spacer\" data-id=\"291efb5\" data-element_type=\"widget\" data-widget_type=\"spacer.default\">\n\t\t\t\t<div class=\"elementor-widget-container\">\n\t\t\t\t\t\t\t<div class=\"elementor-spacer\">\n\t\t\t<div class=\"elementor-spacer-inner\"><\/div>\n\t\t<\/div>\n\t\t\t\t\t\t<\/div>\n\t\t\t\t<\/div>\n\t\t\t\t<div class=\"elementor-element elementor-element-35e88c9 elementor-widget elementor-widget-heading\" data-id=\"35e88c9\" data-element_type=\"widget\" data-widget_type=\"heading.default\">\n\t\t\t\t<div class=\"elementor-widget-container\">\n\t\t\t\t\t<h2 class=\"elementor-heading-title elementor-size-default\">Niy\u0259 bizi se\u00e7irsiniz<\/h2>\t\t\t\t<\/div>\n\t\t\t\t<\/div>\n\t\t\t\t<div class=\"elementor-element elementor-element-4ca00c0 elementor-widget elementor-widget-spacer\" data-id=\"4ca00c0\" data-element_type=\"widget\" data-widget_type=\"spacer.default\">\n\t\t\t\t<div class=\"elementor-widget-container\">\n\t\t\t\t\t\t\t<div class=\"elementor-spacer\">\n\t\t\t<div class=\"elementor-spacer-inner\"><\/div>\n\t\t<\/div>\n\t\t\t\t\t\t<\/div>\n\t\t\t\t<\/div>\n\t\t\t\t<div class=\"elementor-element elementor-element-cda295f elementor-position-left elementor-vertical-align-top elementor-widget elementor-widget-gt3-core-imagebox\" data-id=\"cda295f\" data-element_type=\"widget\" data-widget_type=\"gt3-core-imagebox.default\">\n\t\t\t\t<div class=\"elementor-widget-container\">\n\t\t\t\t\t<div class=\"gt3-core-imagebox-wrapper elementor-image_icon-position-default\"><figure class=\"gt3-core-imagebox-img\"><img decoding=\"async\" width=\"70\" height=\"70\" src=\"https:\/\/pro-webdesigns.com\/wp-content\/uploads\/2019\/07\/chek_b.png\" class=\"attachment-full size-full wp-image-981\" alt=\"\" srcset=\"https:\/\/pro-webdesigns.com\/wp-content\/uploads\/2019\/07\/chek_b.png 70w, https:\/\/pro-webdesigns.com\/wp-content\/uploads\/2019\/07\/chek_b-50x50.png 50w\" sizes=\"(max-width: 70px) 100vw, 70px\" title=\"chek_b\" \/><\/figure><div class=\"gt3-core-imagebox-content\"><div class=\"gt3-core-imagebox-title\"><h6 class=\"gt3-core-imagebox-title\">T\u0259cr\u00fcb\u0259li v\u0259 Bacar\u0131ql\u0131 Komanda:<\/h6><\/div><p class=\"gt3-core-imagebox-description\">Veb dizayn komandam\u0131z B\u00f6y\u00fck Britaniya, Avropa v\u0259 \u015eimali Amerika bazarlar\u0131nda geni\u015f t\u0259cr\u00fcb\u0259 v\u0259 t\u0259cr\u00fcb\u0259y\u0259 malikdir. Veb sayt\u0131n\u0131z\u0131n yerli \u00fcst\u00fcnl\u00fckl\u0259r\u0259 v\u0259 standartlara uy\u011fun olmas\u0131n\u0131 t\u0259min ed\u0259r\u0259k, h\u0259r bir layih\u0259 \u00fc\u00e7\u00fcn \u0259n yax\u015f\u0131 n\u0259tic\u0259l\u0259r \u0259ld\u0259 etm\u0259k \u00fc\u00e7\u00fcn problemsiz \u0259m\u0259kda\u015fl\u0131q edirik.<\/p><\/div><\/div>\t\t\t\t<\/div>\n\t\t\t\t<\/div>\n\t\t\t\t<div class=\"elementor-element elementor-element-ce87fe9 elementor-widget elementor-widget-spacer\" data-id=\"ce87fe9\" data-element_type=\"widget\" data-widget_type=\"spacer.default\">\n\t\t\t\t<div class=\"elementor-widget-container\">\n\t\t\t\t\t\t\t<div class=\"elementor-spacer\">\n\t\t\t<div class=\"elementor-spacer-inner\"><\/div>\n\t\t<\/div>\n\t\t\t\t\t\t<\/div>\n\t\t\t\t<\/div>\n\t\t\t\t<div class=\"elementor-element elementor-element-24827c4 elementor-position-left elementor-vertical-align-top elementor-widget elementor-widget-gt3-core-imagebox\" data-id=\"24827c4\" data-element_type=\"widget\" data-widget_type=\"gt3-core-imagebox.default\">\n\t\t\t\t<div class=\"elementor-widget-container\">\n\t\t\t\t\t<div class=\"gt3-core-imagebox-wrapper elementor-image_icon-position-default\"><figure class=\"gt3-core-imagebox-img\"><img loading=\"lazy\" decoding=\"async\" width=\"70\" height=\"70\" src=\"https:\/\/pro-webdesigns.com\/wp-content\/uploads\/2019\/07\/chek_o.png\" class=\"attachment-full size-full wp-image-983\" alt=\"\" srcset=\"https:\/\/pro-webdesigns.com\/wp-content\/uploads\/2019\/07\/chek_o.png 70w, https:\/\/pro-webdesigns.com\/wp-content\/uploads\/2019\/07\/chek_o-50x50.png 50w\" sizes=\"(max-width: 70px) 100vw, 70px\" title=\"chek_o\" \/><\/figure><div class=\"gt3-core-imagebox-content\"><div class=\"gt3-core-imagebox-title\"><h6 class=\"gt3-core-imagebox-title\">H\u0259rt\u0259r\u0259fli xidm\u0259t diapazonu:<\/h6><\/div><p class=\"gt3-core-imagebox-description\">Veb dizayn\u0131 v\u0259 inki\u015faf\u0131 il\u0259 yana\u015f\u0131, biz B\u00f6y\u00fck Britaniyada, Avropada v\u0259 \u015eimali Amerikada f\u0259aliyy\u0259t g\u00f6st\u0259r\u0259n biznesl\u0259rin x\u00fcsusi ehtiyaclar\u0131na uy\u011funla\u015fd\u0131r\u0131lm\u0131\u015f SEO, e-ticar\u0259t v\u0259 mobil proqramlar\u0131n haz\u0131rlanmas\u0131 daxil olmaqla, geni\u015f \u00e7e\u015fidli xidm\u0259tl\u0259r t\u0259klif edirik.<\/p><\/div><\/div>\t\t\t\t<\/div>\n\t\t\t\t<\/div>\n\t\t\t\t<div class=\"elementor-element elementor-element-1cce3fe elementor-widget elementor-widget-spacer\" data-id=\"1cce3fe\" data-element_type=\"widget\" data-widget_type=\"spacer.default\">\n\t\t\t\t<div class=\"elementor-widget-container\">\n\t\t\t\t\t\t\t<div class=\"elementor-spacer\">\n\t\t\t<div class=\"elementor-spacer-inner\"><\/div>\n\t\t<\/div>\n\t\t\t\t\t\t<\/div>\n\t\t\t\t<\/div>\n\t\t\t\t<div class=\"elementor-element elementor-element-2612663 elementor-position-left elementor-vertical-align-top elementor-widget elementor-widget-gt3-core-imagebox\" data-id=\"2612663\" data-element_type=\"widget\" data-widget_type=\"gt3-core-imagebox.default\">\n\t\t\t\t<div class=\"elementor-widget-container\">\n\t\t\t\t\t<div class=\"gt3-core-imagebox-wrapper elementor-image_icon-position-default\"><figure class=\"gt3-core-imagebox-img\"><img loading=\"lazy\" decoding=\"async\" width=\"70\" height=\"70\" src=\"https:\/\/pro-webdesigns.com\/wp-content\/uploads\/2019\/07\/chek_g.png\" class=\"attachment-full size-full wp-image-982\" alt=\"\" srcset=\"https:\/\/pro-webdesigns.com\/wp-content\/uploads\/2019\/07\/chek_g.png 70w, https:\/\/pro-webdesigns.com\/wp-content\/uploads\/2019\/07\/chek_g-50x50.png 50w\" sizes=\"(max-width: 70px) 100vw, 70px\" title=\"chek_g\" \/><\/figure><div class=\"gt3-core-imagebox-content\"><div class=\"gt3-core-imagebox-title\"><h6 class=\"gt3-core-imagebox-title\">R\u0259qab\u0259tli Qiym\u0259tl\u0259r:<\/h6><\/div><p class=\"gt3-core-imagebox-description\"> B\u00f6y\u00fck Britaniya, Avropa v\u0259 \u015eimali Amerikan\u0131n m\u00fcxt\u0259lif bazar m\u0259nz\u0259r\u0259l\u0259rini n\u0259z\u0259r\u0259 alaraq xidm\u0259tl\u0259rimizi \u0259n m\u00fcnasib qiym\u0259tl\u0259rl\u0259 t\u0259min edirik. Yerinizd\u0259n as\u0131l\u0131 olmayaraq, b\u00fcdc\u0259nizi a\u015fmadan ehtiyaclar\u0131n\u0131za cavab ver\u0259n vebsayta sahib ola bil\u0259rsiniz.<\/p><\/div><\/div>\t\t\t\t<\/div>\n\t\t\t\t<\/div>\n\t\t\t\t<div class=\"elementor-element elementor-element-174d945 elementor-widget elementor-widget-spacer\" data-id=\"174d945\" data-element_type=\"widget\" data-widget_type=\"spacer.default\">\n\t\t\t\t<div class=\"elementor-widget-container\">\n\t\t\t\t\t\t\t<div class=\"elementor-spacer\">\n\t\t\t<div class=\"elementor-spacer-inner\"><\/div>\n\t\t<\/div>\n\t\t\t\t\t\t<\/div>\n\t\t\t\t<\/div>\n\t\t\t\t<div class=\"elementor-element elementor-element-a0740ee elementor-widget elementor-widget-spacer\" data-id=\"a0740ee\" data-element_type=\"widget\" data-widget_type=\"spacer.default\">\n\t\t\t\t<div class=\"elementor-widget-container\">\n\t\t\t\t\t\t\t<div class=\"elementor-spacer\">\n\t\t\t<div class=\"elementor-spacer-inner\"><\/div>\n\t\t<\/div>\n\t\t\t\t\t\t<\/div>\n\t\t\t\t<\/div>\n\t\t\t\t\t<\/div>\n\t\t<\/div>\n\t\t\t\t\t<\/div>\n\t\t<\/section>\n\t\t\t\t<section class=\"elementor-section elementor-top-section elementor-element elementor-element-7e4ab63 elementor-section-boxed elementor-section-height-default elementor-section-height-default\" data-id=\"7e4ab63\" data-element_type=\"section\">\n\t\t\t\t\t\t<div class=\"elementor-container elementor-column-gap-default\">\n\t\t\t\t\t<div class=\"elementor-column elementor-col-100 elementor-top-column elementor-element elementor-element-e2cd6aa\" data-id=\"e2cd6aa\" data-element_type=\"column\">\n\t\t\t<div class=\"elementor-widget-wrap elementor-element-populated\">\n\t\t\t\t\t\t<div class=\"elementor-element-custom_font_family elementor-element-custom_font_weight elementor-element-custom_color elementor-element elementor-element-18dd5c3 elementor-widget elementor-widget-text-editor\" data-id=\"18dd5c3\" data-element_type=\"widget\" data-widget_type=\"text-editor.default\">\n\t\t\t\t<div class=\"elementor-widget-container\">\n\t\t\t\t\t\t\t\t\t<p data-sourcepos=\"33:1-33:34\"><strong>Pulsuz Konsultasiya Xidm\u0259timiz:<\/strong><\/p><p data-sourcepos=\"35:1-35:249\"><span>Veb dizayn\u0131 v\u0259 inki\u015faf\u0131 haqq\u0131nda daha \u00e7ox m\u0259lumat almaq v\u0259 ya pulsuz konsultasiya t\u0259yin etm\u0259k \u00fc\u00e7\u00fcn bu g\u00fcn biziml\u0259 \u0259laq\u0259 saxlay\u0131n.<\/span><span> X\u00fcsusi m\u0259qs\u0259dl\u0259rinizi v\u0259 t\u0259cr\u00fcb\u0259mizin B\u00f6y\u00fck Britaniyada u\u011fur qazanma\u011f\u0131n\u0131za nec\u0259 k\u00f6m\u0259k ed\u0259 bil\u0259c\u0259yini m\u00fczakir\u0259 etm\u0259y\u0259 can at\u0131r\u0131q,<\/span><span> Avropa,<\/span><span> v\u0259 \u015eimali Amerika bazarlar\u0131.<\/span><\/p>\t\t\t\t\t\t\t\t<\/div>\n\t\t\t\t<\/div>\n\t\t\t\t\t<\/div>\n\t\t<\/div>\n\t\t\t\t\t<\/div>\n\t\t<\/section>\n\t\t\t\t<\/div>","protected":false},"excerpt":{"rendered":"<p>About Us Achieve Success in the Digital World with Professional Web Design Pro-WebDesigns.com is here to help you enhance your business&#8217;s digital presence and maximize your online potential. With our professional web design and development services, we create user-friendly, aesthetically pleasing websites that resonate with your target audience. Our Services Our Mission: Our mission is [&hellip;]<\/p>","protected":false},"author":1,"featured_media":0,"parent":0,"menu_order":0,"comment_status":"closed","ping_status":"closed","template":"","meta":{"_monsterinsights_skip_tracking":false,"_monsterinsights_sitenote_active":false,"_monsterinsights_sitenote_note":"","_monsterinsights_sitenote_category":0,"footnotes":""},"class_list":["post-623","page","type-page","status-publish","hentry"],"aioseo_notices":[],"amp_enabled":true,"_links":{"self":[{"href":"https:\/\/pro-webdesigns.com\/az\/wp-json\/wp\/v2\/pages\/623","targetHints":{"allow":["GET"]}}],"collection":[{"href":"https:\/\/pro-webdesigns.com\/az\/wp-json\/wp\/v2\/pages"}],"about":[{"href":"https:\/\/pro-webdesigns.com\/az\/wp-json\/wp\/v2\/types\/page"}],"author":[{"embeddable":true,"href":"https:\/\/pro-webdesigns.com\/az\/wp-json\/wp\/v2\/users\/1"}],"replies":[{"embeddable":true,"href":"https:\/\/pro-webdesigns.com\/az\/wp-json\/wp\/v2\/comments?post=623"}],"version-history":[{"count":76,"href":"https:\/\/pro-webdesigns.com\/az\/wp-json\/wp\/v2\/pages\/623\/revisions"}],"predecessor-version":[{"id":11298,"href":"https:\/\/pro-webdesigns.com\/az\/wp-json\/wp\/v2\/pages\/623\/revisions\/11298"}],"wp:attachment":[{"href":"https:\/\/pro-webdesigns.com\/az\/wp-json\/wp\/v2\/media?parent=623"}],"curies":[{"name":"wp","href":"https:\/\/api.w.org\/{rel}","templated":true}]}}